{"id":2,"date":"2024-01-27T02:44:09","date_gmt":"2024-01-27T02:44:09","guid":{"rendered":"https:\/\/www.brendacantul.net\/es\/?page_id=2"},"modified":"2024-02-24T02:54:42","modified_gmt":"2024-02-24T02:54:42","slug":"sample-page","status":"publish","type":"page","link":"https:\/\/www.brendacantul.net\/es\/","title":{"rendered":""},"content":{"rendered":"\n<h1 class=\"wp-block-heading has-text-align-center has-text-color has-link-color wp-elements-03a88d71d2846efc0fe0955de3fc67f9\" style=\"color:#008080\">\u00a1Hola!<\/h1>\n\n\n\n<p>Mi nombre es Brenda Cant\u00fa, tengo m\u00e1s de 20 a\u00f1os de experiencia en comunicaci\u00f3n corporativa, marketing por correo electr\u00f3nico y gesti\u00f3n de eventos. Soy una persona apasionada por mi trabajo y orientada a resultados. Mi enfoque se basa en crear campa\u00f1as impactantes que generen clientes potenciales, aumenten el conocimiento de marca e impulsen las ventas.<\/p>\n\n\n\n<p>Mi trayectoria ha perfeccionado mis habilidades en diversas \u00e1reas, desde la supervisi\u00f3n y optimizaci\u00f3n de campa\u00f1as de correo electr\u00f3nico hasta la gesti\u00f3n y organizaci\u00f3n de eventos. Encuentro mucha satisfacci\u00f3n al ver la empresa crecer a trav\u00e9s de nuestros esfuerzos de marketing.<\/p>\n\n\n\n<p>El \u00e9xito que he logrado se debe a un profundo conocimiento del marketing B2B y a un enfoque basado en datos. He obtenido resultados consistentes y demostrables, aumentando las tasas de apertura de correo electr\u00f3nico en un 25% y la asistencia a eventos en un 30%.<\/p>\n\n\n\n<p>Mi fluidez biling\u00fce en ingl\u00e9s y espa\u00f1ol me permite conectar con audiencias diversas en todas las industrias, garantizando experiencias impactantes que resuenan y logran objetivos comerciales.<\/p>\n\n\n\n<p>M\u00e1s que un especialista en marketing, soy un catalizador del crecimiento. Me impulsa un deseo constante de aprender y mejorar, siempre buscando nuevas formas de optimizar las campa\u00f1as e impulsar la generaci\u00f3n de leads y el conocimiento de marca.<\/p>\n\n\n\n<p>Aporto creatividad, dedicaci\u00f3n y una nueva perspectiva a cada proyecto, ya sea creando env\u00edos masivos de correos electr\u00f3nicos estrat\u00e9gicos, gesti\u00f3n de proyectos, o gestionando conferencias virtuales.<\/p>\n\n\n\n<p>Habilidades: Desarrollo de estrategias de marketing | Gesti\u00f3n de eventos | Marketing por correo electr\u00f3nico | Seminarios web | Creaci\u00f3n de contenido | Redes sociales | An\u00e1lisis de datos | Gesti\u00f3n de proyectos | Comunicaci\u00f3n corporativa | Dise\u00f1o de experiencia de usuario | WordPress<\/p>\n\n\n\n<h2 class=\"wp-block-heading has-text-align-center has-text-color has-link-color wp-elements-f12754e17b15bcf6ababff42afa72241\" style=\"color:#f0077b\"><br>Associaciones<\/h2>\n\n\n\n<div class=\"wp-block-columns is-layout-flex wp-container-core-columns-is-layout-9d6595d7 wp-block-columns-is-layout-flex\">\n<div class=\"wp-block-column is-layout-flow wp-block-column-is-layout-flow\">\n<figure class=\"wp-block-image size-full\"><a href=\"https:\/\/www.speakhers.co\/\"><img loading=\"lazy\" decoding=\"async\" width=\"940\" height=\"788\" src=\"https:\/\/www.brendacantul.net\/es\/wp-content\/uploads\/2024\/01\/Speakhers.jpg\" alt=\"\" class=\"wp-image-89\" srcset=\"https:\/\/www.brendacantul.net\/es\/wp-content\/uploads\/2024\/01\/Speakhers.jpg 940w, https:\/\/www.brendacantul.net\/es\/wp-content\/uploads\/2024\/01\/Speakhers-300x251.jpg 300w, https:\/\/www.brendacantul.net\/es\/wp-content\/uploads\/2024\/01\/Speakhers-768x644.jpg 768w, https:\/\/www.brendacantul.net\/es\/wp-content\/uploads\/2024\/01\/Speakhers-740x620.jpg 740w, https:\/\/www.brendacantul.net\/es\/wp-content\/uploads\/2024\/01\/Speakhers-600x503.jpg 600w, https:\/\/www.brendacantul.net\/es\/wp-content\/uploads\/2024\/01\/Speakhers-400x335.jpg 400w\" sizes=\"auto, (max-width: 940px) 100vw, 940px\" \/><\/a><\/figure>\n<\/div>\n\n\n\n<div class=\"wp-block-column is-layout-flow wp-block-column-is-layout-flow\">\n<figure class=\"wp-block-image size-full\"><a href=\"https:\/\/www.toastmasters.org\/\"><img loading=\"lazy\" decoding=\"async\" width=\"940\" height=\"788\" src=\"https:\/\/www.brendacantul.net\/es\/wp-content\/uploads\/2024\/01\/Toastmasters.jpg\" alt=\"\" class=\"wp-image-90\" srcset=\"https:\/\/www.brendacantul.net\/es\/wp-content\/uploads\/2024\/01\/Toastmasters.jpg 940w, https:\/\/www.brendacantul.net\/es\/wp-content\/uploads\/2024\/01\/Toastmasters-300x251.jpg 300w, https:\/\/www.brendacantul.net\/es\/wp-content\/uploads\/2024\/01\/Toastmasters-768x644.jpg 768w, https:\/\/www.brendacantul.net\/es\/wp-content\/uploads\/2024\/01\/Toastmasters-740x620.jpg 740w, https:\/\/www.brendacantul.net\/es\/wp-content\/uploads\/2024\/01\/Toastmasters-600x503.jpg 600w, https:\/\/www.brendacantul.net\/es\/wp-content\/uploads\/2024\/01\/Toastmasters-400x335.jpg 400w\" sizes=\"auto, (max-width: 940px) 100vw, 940px\" \/><\/a><\/figure>\n<\/div>\n<\/div>\n","protected":false},"excerpt":{"rendered":"<p>\u00a1Hola! Mi nombre es Brenda Cant\u00fa, tengo m\u00e1s de 20 a\u00f1os de experiencia en comunicaci\u00f3n corporativa, marketing por correo electr\u00f3nico y gesti\u00f3n de eventos. Soy una persona apasionada por mi&hellip;<a href=\"https:\/\/www.brendacantul.net\/es\/\" class=\"more-link\"><span class=\"more-button\">Continue reading<span class=\"screen-reader-text\"><\/span><\/span><\/a><\/p>\n","protected":false},"author":1,"featured_media":0,"parent":0,"menu_order":0,"comment_status":"closed","ping_status":"open","template":"","meta":{"footnotes":""},"class_list":["post-2","page","type-page","status-publish","hentry"],"aioseo_notices":[],"_links":{"self":[{"href":"https:\/\/www.brendacantul.net\/es\/wp-json\/wp\/v2\/pages\/2","targetHints":{"allow":["GET"]}}],"collection":[{"href":"https:\/\/www.brendacantul.net\/es\/wp-json\/wp\/v2\/pages"}],"about":[{"href":"https:\/\/www.brendacantul.net\/es\/wp-json\/wp\/v2\/types\/page"}],"author":[{"embeddable":true,"href":"https:\/\/www.brendacantul.net\/es\/wp-json\/wp\/v2\/users\/1"}],"replies":[{"embeddable":true,"href":"https:\/\/www.brendacantul.net\/es\/wp-json\/wp\/v2\/comments?post=2"}],"version-history":[{"count":10,"href":"https:\/\/www.brendacantul.net\/es\/wp-json\/wp\/v2\/pages\/2\/revisions"}],"predecessor-version":[{"id":1223,"href":"https:\/\/www.brendacantul.net\/es\/wp-json\/wp\/v2\/pages\/2\/revisions\/1223"}],"wp:attachment":[{"href":"https:\/\/www.brendacantul.net\/es\/wp-json\/wp\/v2\/media?parent=2"}],"curies":[{"name":"wp","href":"https:\/\/api.w.org\/{rel}","templated":true}]}}