{"id":1033,"date":"2024-02-06T14:42:35","date_gmt":"2024-02-06T14:42:35","guid":{"rendered":"https:\/\/www.brendacantul.net\/es\/?page_id=1033"},"modified":"2024-02-27T17:27:30","modified_gmt":"2024-02-27T17:27:30","slug":"tableau","status":"publish","type":"page","link":"https:\/\/www.brendacantul.net\/es\/tableau\/","title":{"rendered":"Tableau"},"content":{"rendered":"\n<p>For the English version, click\u00a0<strong><a href=\"https:\/\/brendacantul.net\/tableau\/\" title=\"\">here<\/a><\/strong>.<\/p>\n\n\n\n<p>Esta es una muestra en la que, mientras trabaja con una parte interesada que quisiera iniciar un negocio de Airbnb en la Ciudad de M\u00e9xico, creamos la siguiente informaci\u00f3n en Tableau, tomando datos de <a href=\"http:\/\/insideairbnb.com\/mexico-city\">http:\/\/insideairbnb.com\/mexico-city<\/a>. Nuestro colaborador est\u00e1 interesado en saber cu\u00e1l ser\u00eda el mejor lugar para agregar su nueva propiedad de Airbnb. Hay algunos factores que deben considerar para tomar una decisi\u00f3n, por lo que creamos los siguientes gr\u00e1ficos y tableros para ayudar a las partes interesadas con su decisi\u00f3n.<\/p>\n\n\n\n<p>Los datos fueron tomados de <a href=\"http:\/\/insideairbnb.com\/mexico-city\">http:\/\/insideairbnb.com\/mexico-city<\/a><\/p>\n\n\n\n<p>Inicialmente, quer\u00edamos realizar una revisi\u00f3n exhaustiva de las mejores delegaciones de la Ciudad de M\u00e9xico para agregar nuestro Airbnb.<\/p>\n\n\n<div class=\"wp-block-image\">\n<figure class=\"aligncenter size-full\"><a href=\"https:\/\/www.brendacantul.net\/es\/wp-content\/uploads\/2024\/02\/01PrecioPorDelegacion.png\"><img loading=\"lazy\" decoding=\"async\" width=\"844\" height=\"500\" src=\"https:\/\/www.brendacantul.net\/es\/wp-content\/uploads\/2024\/02\/01PrecioPorDelegacion.png\" alt=\"\" class=\"wp-image-1035\" srcset=\"https:\/\/www.brendacantul.net\/es\/wp-content\/uploads\/2024\/02\/01PrecioPorDelegacion.png 844w, https:\/\/www.brendacantul.net\/es\/wp-content\/uploads\/2024\/02\/01PrecioPorDelegacion-300x178.png 300w, https:\/\/www.brendacantul.net\/es\/wp-content\/uploads\/2024\/02\/01PrecioPorDelegacion-768x455.png 768w, https:\/\/www.brendacantul.net\/es\/wp-content\/uploads\/2024\/02\/01PrecioPorDelegacion-825x489.png 825w, https:\/\/www.brendacantul.net\/es\/wp-content\/uploads\/2024\/02\/01PrecioPorDelegacion-600x355.png 600w, https:\/\/www.brendacantul.net\/es\/wp-content\/uploads\/2024\/02\/01PrecioPorDelegacion-400x237.png 400w\" sizes=\"auto, (max-width: 844px) 100vw, 844px\" \/><\/a><\/figure>\n<\/div>\n\n\n<p>Para hacer que este gr\u00e1fico sea m\u00e1s atractivo visualmente y para brindar una mejor comprensi\u00f3n de los datos, creamos un mapa de la Ciudad de M\u00e9xico con las distintas delegaciones codificados por colores seg\u00fan su precio promedio de Airbnb. Tambi\u00e9n incluimos el precio debajo de las etiquetas con los nombres de las delegaciones en el mapa para una f\u00e1cil referencia.<\/p>\n\n\n<div class=\"wp-block-image\">\n<figure class=\"aligncenter size-large is-resized\"><a href=\"https:\/\/www.brendacantul.net\/es\/wp-content\/uploads\/2024\/02\/02PrecioPorDelegacion.png\"><img loading=\"lazy\" decoding=\"async\" width=\"1024\" height=\"939\" src=\"https:\/\/www.brendacantul.net\/es\/wp-content\/uploads\/2024\/02\/02PrecioPorDelegacion-1024x939.png\" alt=\"\" class=\"wp-image-1036\" style=\"width:844px;height:774px\" srcset=\"https:\/\/www.brendacantul.net\/es\/wp-content\/uploads\/2024\/02\/02PrecioPorDelegacion-1024x939.png 1024w, https:\/\/www.brendacantul.net\/es\/wp-content\/uploads\/2024\/02\/02PrecioPorDelegacion-300x275.png 300w, https:\/\/www.brendacantul.net\/es\/wp-content\/uploads\/2024\/02\/02PrecioPorDelegacion-768x704.png 768w, https:\/\/www.brendacantul.net\/es\/wp-content\/uploads\/2024\/02\/02PrecioPorDelegacion-1536x1408.png 1536w, https:\/\/www.brendacantul.net\/es\/wp-content\/uploads\/2024\/02\/02PrecioPorDelegacion-676x620.png 676w, https:\/\/www.brendacantul.net\/es\/wp-content\/uploads\/2024\/02\/02PrecioPorDelegacion-1091x1000.png 1091w, https:\/\/www.brendacantul.net\/es\/wp-content\/uploads\/2024\/02\/02PrecioPorDelegacion-600x550.png 600w, https:\/\/www.brendacantul.net\/es\/wp-content\/uploads\/2024\/02\/02PrecioPorDelegacion-400x367.png 400w, https:\/\/www.brendacantul.net\/es\/wp-content\/uploads\/2024\/02\/02PrecioPorDelegacion.png 1872w\" sizes=\"auto, (max-width: 1024px) 100vw, 1024px\" \/><\/a><\/figure>\n<\/div>\n\n\n<p>Despu\u00e9s de revisar las diferentes ubicaciones y precios, la parte interesada quer\u00eda saber cu\u00e1ndo se produjeron los mayores ingresos del a\u00f1o. Para responder a esta pregunta, creamos el siguiente gr\u00e1fico, que muestra los ingresos semanales de los alquileres de Airbnb en la Ciudad de M\u00e9xico de junio a diciembre.<\/p>\n\n\n<div class=\"wp-block-image\">\n<figure class=\"aligncenter size-full is-resized\"><a href=\"https:\/\/www.brendacantul.net\/es\/wp-content\/uploads\/2024\/02\/03GananciaDuranteelA_o.png\"><img loading=\"lazy\" decoding=\"async\" width=\"974\" height=\"500\" src=\"https:\/\/www.brendacantul.net\/es\/wp-content\/uploads\/2024\/02\/03GananciaDuranteelA_o.png\" alt=\"\" class=\"wp-image-1037\" style=\"width:854px;height:438px\" srcset=\"https:\/\/www.brendacantul.net\/es\/wp-content\/uploads\/2024\/02\/03GananciaDuranteelA_o.png 974w, https:\/\/www.brendacantul.net\/es\/wp-content\/uploads\/2024\/02\/03GananciaDuranteelA_o-300x154.png 300w, https:\/\/www.brendacantul.net\/es\/wp-content\/uploads\/2024\/02\/03GananciaDuranteelA_o-768x394.png 768w, https:\/\/www.brendacantul.net\/es\/wp-content\/uploads\/2024\/02\/03GananciaDuranteelA_o-825x424.png 825w, https:\/\/www.brendacantul.net\/es\/wp-content\/uploads\/2024\/02\/03GananciaDuranteelA_o-600x308.png 600w, https:\/\/www.brendacantul.net\/es\/wp-content\/uploads\/2024\/02\/03GananciaDuranteelA_o-400x205.png 400w\" sizes=\"auto, (max-width: 974px) 100vw, 974px\" \/><\/a><\/figure>\n<\/div>\n\n\n<p>La parte interesada quer\u00eda saber el precio promedio por tipo de habitaci\u00f3n, incluidas habitaciones privadas y compartidas, casas y apartamentos completos, as\u00ed como habitaciones de hotel. Para responder a esta pregunta, creamos una tabla que mostraba el precio promedio de cada tipo de habitaci\u00f3n.<\/p>\n\n\n<div class=\"wp-block-image\">\n<figure class=\"aligncenter size-full is-resized\"><a href=\"https:\/\/www.brendacantul.net\/es\/wp-content\/uploads\/2024\/02\/04PrecioPromedioTipo.png\"><img loading=\"lazy\" decoding=\"async\" width=\"350\" height=\"487\" src=\"https:\/\/www.brendacantul.net\/es\/wp-content\/uploads\/2024\/02\/04PrecioPromedioTipo.png\" alt=\"\" class=\"wp-image-1038\" style=\"width:260px;height:424px\" srcset=\"https:\/\/www.brendacantul.net\/es\/wp-content\/uploads\/2024\/02\/04PrecioPromedioTipo.png 350w, https:\/\/www.brendacantul.net\/es\/wp-content\/uploads\/2024\/02\/04PrecioPromedioTipo-216x300.png 216w, https:\/\/www.brendacantul.net\/es\/wp-content\/uploads\/2024\/02\/04PrecioPromedioTipo-323x450.png 323w\" sizes=\"auto, (max-width: 350px) 100vw, 350px\" \/><\/a><\/figure>\n<\/div>\n\n\n<p>Finalmente, nuestra parte interesada quer\u00eda saber cu\u00e1ntos listados de cada tipo de habitaci\u00f3n (habitaci\u00f3n privada, habitaci\u00f3n compartida, casa o apartamento completo, habitaci\u00f3n de hotel) estaban disponibles en la Ciudad de M\u00e9xico. Para responder a esta pregunta, realizamos una b\u00fasqueda en Airbnb y recopilamos datos sobre la cantidad de listados para cada tipo de habitaci\u00f3n.<\/p>\n\n\n<div class=\"wp-block-image\">\n<figure class=\"aligncenter size-full\"><a href=\"https:\/\/www.brendacantul.net\/es\/wp-content\/uploads\/2024\/02\/05CantidadTotaldeTipos.png\"><img loading=\"lazy\" decoding=\"async\" width=\"353\" height=\"130\" src=\"https:\/\/www.brendacantul.net\/es\/wp-content\/uploads\/2024\/02\/05CantidadTotaldeTipos.png\" alt=\"\" class=\"wp-image-1039\" srcset=\"https:\/\/www.brendacantul.net\/es\/wp-content\/uploads\/2024\/02\/05CantidadTotaldeTipos.png 353w, https:\/\/www.brendacantul.net\/es\/wp-content\/uploads\/2024\/02\/05CantidadTotaldeTipos-300x110.png 300w\" sizes=\"auto, (max-width: 353px) 100vw, 353px\" \/><\/a><\/figure>\n<\/div>\n\n\n<p>Nuestra parte interesada todav\u00eda tendr\u00e1 preguntas y probablemente querr\u00e1 modificar y trabajar con los datos para encontrar la respuesta a las mismas. Este es solo el comienzo de la exploraci\u00f3n de la informaci\u00f3n. A medida que respondemos m\u00e1s preguntas, podemos agregarlas al tablero de p\u00e1neles, que se puede encontrar <a href=\"https:\/\/public.tableau.com\/app\/profile\/brenda.cantu2746\/viz\/AirBnBProjectCDMX\/Dashboard\">aqu\u00ed<\/a>. <\/p>\n\n\n<div class=\"wp-block-image\">\n<figure class=\"aligncenter size-large\"><a href=\"https:\/\/www.brendacantul.net\/es\/wp-content\/uploads\/2024\/02\/06DashboardEn.png\"><img loading=\"lazy\" decoding=\"async\" width=\"1024\" height=\"576\" src=\"https:\/\/www.brendacantul.net\/es\/wp-content\/uploads\/2024\/02\/06DashboardEn-1024x576.png\" alt=\"\" class=\"wp-image-1040\" srcset=\"https:\/\/www.brendacantul.net\/es\/wp-content\/uploads\/2024\/02\/06DashboardEn-1024x576.png 1024w, https:\/\/www.brendacantul.net\/es\/wp-content\/uploads\/2024\/02\/06DashboardEn-300x169.png 300w, https:\/\/www.brendacantul.net\/es\/wp-content\/uploads\/2024\/02\/06DashboardEn-768x432.png 768w, https:\/\/www.brendacantul.net\/es\/wp-content\/uploads\/2024\/02\/06DashboardEn-825x464.png 825w, https:\/\/www.brendacantul.net\/es\/wp-content\/uploads\/2024\/02\/06DashboardEn-600x337.png 600w, https:\/\/www.brendacantul.net\/es\/wp-content\/uploads\/2024\/02\/06DashboardEn-400x225.png 400w, https:\/\/www.brendacantul.net\/es\/wp-content\/uploads\/2024\/02\/06DashboardEn.png 1366w\" sizes=\"auto, (max-width: 1024px) 100vw, 1024px\" \/><\/a><\/figure>\n<\/div>\n\n\n<p class=\"has-small-font-size\">Los datos fueron tomados de <a href=\"http:\/\/insideairbnb.com\/\">http:\/\/insideairbnb.com<\/a><br>M\u00e1s informaci\u00f3n y actualizaciones en <a href=\"http:\/\/insideairbnb.com\/mexico-city\">http:\/\/insideairbnb.com\/mexico-city<\/a><br>Para ver el tablero y continuar explor\u00e1ndolo, puede ir al enlace p\u00fablico de Tableau: <a href=\"https:\/\/public.tableau.com\/app\/profile\/brenda.cantu2746\/viz\/AirBnBProjectCDMX\/Dashboard\">https:\/\/public.tableau.com\/app\/profile\/brenda.cantu2746\/viz\/AirBnBProjectCDMX\/Dashboard<\/a><\/p>\n\n\n\n<p><a href=\"https:\/\/www.brendacantul.net\/es\" title=\"\"><i class=\"fa-solid fa-arrow-left\" style=\"color: #008080;\"><\/i> Volver a la p\u00e1gina de inicio<\/a><\/p>\n","protected":false},"excerpt":{"rendered":"<p>For the English version, click\u00a0here. Esta es una muestra en la que, mientras trabaja con una parte interesada que quisiera iniciar un negocio de Airbnb en la Ciudad de M\u00e9xico,&hellip;<a href=\"https:\/\/www.brendacantul.net\/es\/tableau\/\" class=\"more-link\"><span class=\"more-button\">Continue reading<span class=\"screen-reader-text\">Tableau<\/span><\/span><\/a><\/p>\n","protected":false},"author":1,"featured_media":0,"parent":0,"menu_order":0,"comment_status":"closed","ping_status":"closed","template":"","meta":{"footnotes":""},"class_list":["post-1033","page","type-page","status-publish","hentry"],"aioseo_notices":[],"_links":{"self":[{"href":"https:\/\/www.brendacantul.net\/es\/wp-json\/wp\/v2\/pages\/1033","targetHints":{"allow":["GET"]}}],"collection":[{"href":"https:\/\/www.brendacantul.net\/es\/wp-json\/wp\/v2\/pages"}],"about":[{"href":"https:\/\/www.brendacantul.net\/es\/wp-json\/wp\/v2\/types\/page"}],"author":[{"embeddable":true,"href":"https:\/\/www.brendacantul.net\/es\/wp-json\/wp\/v2\/users\/1"}],"replies":[{"embeddable":true,"href":"https:\/\/www.brendacantul.net\/es\/wp-json\/wp\/v2\/comments?post=1033"}],"version-history":[{"count":5,"href":"https:\/\/www.brendacantul.net\/es\/wp-json\/wp\/v2\/pages\/1033\/revisions"}],"predecessor-version":[{"id":1283,"href":"https:\/\/www.brendacantul.net\/es\/wp-json\/wp\/v2\/pages\/1033\/revisions\/1283"}],"wp:attachment":[{"href":"https:\/\/www.brendacantul.net\/es\/wp-json\/wp\/v2\/media?parent=1033"}],"curies":[{"name":"wp","href":"https:\/\/api.w.org\/{rel}","templated":true}]}}